{"id":838,"date":"2025-08-05T11:53:14","date_gmt":"2025-08-05T09:53:14","guid":{"rendered":"https:\/\/animalactin.eu\/?page_id=838"},"modified":"2025-08-07T11:22:59","modified_gmt":"2025-08-07T09:22:59","slug":"par-mums","status":"publish","type":"page","link":"https:\/\/animalactin.eu\/lv\/par-mums\/","title":{"rendered":"Par mums"},"content":{"rendered":"<!-- Render in front -->\r\n    <section id=\"hero\" class=\"relative bg-primary\">\r\n        \r\n        <div class=\"relative min-h-[560px] lg:min-h-[520px] bg-cover bg-no-repeat\"\r\n            style=\"background-image: url('https:\/\/animalactin.eu\/wp-content\/uploads\/2025\/08\/about-hero-img.webp'); background-position: center center;\">\r\n            <div class=\"absolute inset-0 bg-black\/10 mix-blend-multiply\"><\/div>\r\n            <div class=\"relative z-10 flex min-h-[720px] lg:min-h-[600px] 2xl:min-h-[850px] lg:items-center pt-24 px-6\">\r\n                <div class=\"mx-auto w-full max-w-screen-xl relative\">\r\n                    <div class=\"flex min-h-[inherit] items-center justify-center lg:justify-start\">\r\n                        <div class=\"w-full max-w-[850px] text-center lg:text-left\">\r\n                            <h1 class=\"[&#038;_strong]:text-primary [&#038;_b]:text-primary mb-2 lg:mb-6 text-4xl font-extrabold tracking-tight leading-10 md:leading-[60px] md:text-5xl lg:text-6xl xl:text-[72px] xl:leading-16 text-white\">\r\n                                Mums r\u016bp j\u016bsu m\u0101jdz\u012bvnieka vesel\u012bba                            <\/h1>\r\n                                                            <p class=\"mx-auto mb-6 lg:mb-8 max-w-[720px] text-base leading-7 text-white\/90 md:text-lg md:leading-8 lg:mx-0 lg:text-[20px] lg:leading-[1.6]\">\r\n                                    M\u0113s rad\u0101m produktus, kas apvieno dabas sp\u0113ku ar m\u016bsdienu veterin\u0101raj\u0101m zin\u0101\u0161an\u0101m, dom\u0101jot par j\u016bsu m\u0101jdz\u012bvnieka komfortu, imunit\u0101ti un mobilit\u0101ti.                                <\/p>\r\n                                                                                <\/div>\r\n                    <\/div>\r\n                                    <\/div>\r\n            <\/div>\r\n        <\/div>\r\n        <\/div>\r\n        \r\n        <div class=\"w-full bg-white h-[90px] relative mt-0 lg:mt-0\">\r\n                    <\/div>\r\n    <\/section>\r\n\r\n    <script>\r\n        (() => {\r\n            const img = document.getElementById('hero-packshot');\r\n            const wrap = document.getElementById('hero-packshot-wrap');\r\n            if (!img || !wrap) return;\r\n\r\n            const speed = parseFloat(img.dataset.parallaxSpeed);\r\n            let raf = null;\r\n\r\n            const update = () => {\r\n                raf = null;\r\n\r\n                const rect = wrap.getBoundingClientRect();\r\n                const vh = window.innerHeight || document.documentElement.clientHeight;\r\n\r\n                const progress = (vh - rect.top) \/ (vh + rect.height);\r\n                const clamped = Math.max(0, Math.min(1, progress));\r\n\r\n                const maxShift = 120;\r\n                const y = (clamped - 0.5) * 2 * maxShift * speed;\r\n\r\n                img.style.transform = `translate3d(0, ${y.toFixed(2)}px, 0)`;\r\n            };\r\n\r\n            const request = () => {\r\n                if (raf) return;\r\n                raf = requestAnimationFrame(update);\r\n            };\r\n\r\n            window.addEventListener('scroll', request, {\r\n                passive: true\r\n            });\r\n            window.addEventListener('resize', request);\r\n            request();\r\n        })();\r\n    <\/script>\r\n\r\n\n\n\r\n    <!-- Render in front -->\r\n\r\n    <section class=\"columns-img                bg-white dark:bg-primary\">\r\n\r\n        <div class=\"gap-16 items-center mx-auto max-w-screen-xl lg:flex py-8 lg:py-16 px-6\">\r\n\r\n            <div class=\"lg:w-1\/2 font-light text-gray-500 sm:text-lg dark:text-gray-400 relative max-lg:mb-8\">\r\n\r\n                <div class=\"relative z-10\">\r\n                    <h2 class=\"mb-4 text-4xl tracking-tight font-bold text-gray-900 dark:text-white\">\r\n                        Kas ir ANIMALACTIN?<sup><span class=\"font-normal\">\u00ae<\/span> <\/sup>?                    <\/h2>\r\n                    <div class=\"mb-4 format-base sm:format-lg lg:format-2xl text-gray-500 dark:text-white w-full max-w-none\">\r\n                        <p>\u0160is uztura bag\u0101tin\u0101t\u0101js tika rad\u012bts, dom\u0101jot par dz\u012bvnieku vesel\u012bbu. Tas ir balst\u012bts uz sast\u0101vda\u013c\u0101m, kas patie\u0161\u0101m darbojas. Viena no t\u0101m ir MicroLactin.<sup><span class=\"font-normal\">\u00ae<\/span> <\/sup> \u2013 unik\u0101ls piena olbaltumvielu koncentr\u0101ts, kas atbalsta organismu no iek\u0161puses.<\/p>\n<p>&nbsp;<\/p>\n<p>Ieg\u016bts no Jaunz\u0113landes govju piena, MicroLactin<sup><span class=\"font-normal\">\u00ae<\/span><\/sup> satur minim\u0101lu laktozes un piena tauku daudzumu, un t\u0101 efektivit\u0101te ir apstiprin\u0101ta zin\u0101tniskos p\u0113t\u012bjumos. Pateicoties \u0161\u012bm sast\u0101vda\u013c\u0101m, ANIMALACTIN<sup><span class=\"font-normal\">\u00ae<\/span><\/sup> pal\u012bdz nodro\u0161in\u0101t j\u016bsu m\u0101jdz\u012bvnieka labsaj\u016btu bez kompromisiem.<\/p>\n                    <\/div>\r\n\r\n                                    <\/div>\r\n\r\n                \r\n            <\/div>\r\n            <div class=\"lg:w-1\/2\">\r\n                                    <img decoding=\"async\" class=\"w-full rounded-lg\" src=\"https:\/\/animalactin.eu\/wp-content\/uploads\/2025\/08\/about-images1.webp\" alt=\"\">\r\n                            <\/div>\r\n        <\/div>\r\n    <\/section>\r\n\r\n\n\n\r\n\r\n    <!-- Render in front -->\r\n\r\n    <div class=\"my-8 sm:my-16 px-6 bg-white dark:bg-gray-900\">\r\n\r\n        <div class=\"mx-auto max-w-screen-xl py-8\">\r\n\r\n                            <div class=\"max-w-3xl mx-auto text-center mb-12\">\r\n\r\n                                            <h2 class=\"text-3xl font-extrabold leading-tight tracking-tight text-primary sm:text-5xl\">\r\n                            Dabisks sp\u0113ks ar dokument\u0113tiem rezult\u0101tiem                        <\/h2>\r\n                                                                <p class=\"mt-4 text-base font-normal text-gray-500 sm:text-xl\">\r\n                            ANIMALACTIN<sup><span class=\"font-normal\">\u00ae<\/span> <\/sup> Tas ir zin\u0101tnes un r\u016bpju apvienojums. Izstr\u0101d\u0101ts ar p\u0113t\u012bjumos p\u0101rbaud\u012bt\u0101m sast\u0101vda\u013c\u0101m, lai patiesi atbalst\u012btu j\u016bsu m\u0101jdz\u012bvnieka vesel\u012bbu un labsaj\u016btu.                        <\/p>\r\n                                    <\/div>\r\n            \r\n                            <div class=\"space-y-8 text-center md:grid md:grid-cols-2 lg:grid-cols-3 md:gap-12 md:space-y-0\">\r\n                                            <div>\r\n                            <div class=\"flex justify-center items-center mx-auto mb-4\">\r\n                                                                    <img src=\"https:\/\/animalactin.eu\/wp-content\/uploads\/2025\/04\/icon-7.svg\" alt=\"\" loading=\"lazy\" decoding=\"async\" class=\"w-[130px] h-[130px]\">\r\n                                                            <\/div>\r\n                            <div class=\"mb-2 text-xl font-bold\">\r\n                                Mazina mikroiekaisumu                            <\/div>\r\n                            <div class=\"format format-sm sm:format-base lg:format-lg format-blue dark:format-invert w-full max-w-none\">\r\n                                <p>Tas blo\u0137\u0113 iekaisuma mediatorus (piem\u0113ram, citok\u012bnus), atbalstot organismu c\u012b\u0146\u0101 pret hronisk\u0101m s\u0101p\u0113m un spriedzi.<\/p>\n                            <\/div>\r\n                        <\/div>\r\n                                            <div>\r\n                            <div class=\"flex justify-center items-center mx-auto mb-4\">\r\n                                                                    <img src=\"https:\/\/animalactin.eu\/wp-content\/uploads\/2025\/04\/icon-8.svg\" alt=\"\" loading=\"lazy\" decoding=\"async\" class=\"w-[130px] h-[130px]\">\r\n                                                            <\/div>\r\n                            <div class=\"mb-2 text-xl font-bold\">\r\n                                Atbalsta atjauno\u0161anos                            <\/div>\r\n                            <div class=\"format format-sm sm:format-base lg:format-lg format-blue dark:format-invert w-full max-w-none\">\r\n                                <p>Tas pal\u012bdz \u0101tr\u0101k atg\u016bties p\u0113c fiziskas slodzes vai traumas, gan fizisk\u0101, gan vielmai\u0146as zi\u0146\u0101.<\/p>\n                            <\/div>\r\n                        <\/div>\r\n                                            <div>\r\n                            <div class=\"flex justify-center items-center mx-auto mb-4\">\r\n                                                                    <img src=\"https:\/\/animalactin.eu\/wp-content\/uploads\/2025\/04\/icon-9.svg\" alt=\"\" loading=\"lazy\" decoding=\"async\" class=\"w-[130px] h-[130px]\">\r\n                                                            <\/div>\r\n                            <div class=\"mb-2 text-xl font-bold\">\r\n                                Dro\u0161s un p\u0101rbaud\u012bts                            <\/div>\r\n                            <div class=\"format format-sm sm:format-base lg:format-lg format-blue dark:format-invert w-full max-w-none\">\r\n                                <p><!--more-->Atk\u0101rtoti p\u0101rbaud\u012bts dro\u0161\u012bbai bez blakuspar\u0101d\u012bb\u0101m, labi panesams da\u017e\u0101d\u0101m dz\u012bvnieku sug\u0101m.<\/p>\n                            <\/div>\r\n                        <\/div>\r\n                    \r\n                <\/div>\r\n            \r\n        <\/div>\r\n\r\n    <\/div>\r\n\r\n\n\n\r\n    <!-- Render in front -->\r\n\r\n    <section class=\"columns-img                bg-white dark:bg-primary\">\r\n\r\n        <div class=\"gap-16 items-center mx-auto max-w-screen-xl lg:flex py-8 lg:py-16 px-6 flex-row-reverse\">\r\n\r\n            <div class=\"lg:w-1\/2 font-light text-gray-500 sm:text-lg dark:text-gray-400 relative max-lg:mb-8\">\r\n\r\n                <div class=\"relative z-10\">\r\n                    <h2 class=\"mb-4 text-4xl tracking-tight font-bold text-gray-900 dark:text-white\">\r\n                        Jo tas nav tikai uztura bag\u0101tin\u0101t\u0101js. Tas ir ikdienas apr\u016bpes partneris.                    <\/h2>\r\n                    <div class=\"mb-4 format-base sm:format-lg lg:format-2xl text-gray-500 dark:text-white w-full max-w-none\">\r\n                        <p>ANIMALACTIN izveide<sup><span class=\"font-normal\">\u00ae<\/span> <\/sup>, m\u0113s nev\u0113l\u0113j\u0101mies &quot;tikai v\u0113l vienu pulveri tirg\u016b&quot;. M\u0113s v\u0113l\u0113j\u0101mies kaut ko t\u0101du, kas jums kalpos ilgu laiku.<br \/>\nT\u0101ds, kam var patiesi uztic\u0113ties. Produkts, kas ir k\u0101 tuvs draugs. <strong>r\u016bp\u0113jas par j\u016bsu m\u0101jdz\u012bvnieku katru dienu un katru dienu.<\/strong> Un tas ir iesp\u0113jams tikai tad, ja pamat\u0101 ir uzticami dati, t\u012bra kompoz\u012bcija un nek\u0101di kompromisi.<\/p>\n                    <\/div>\r\n\r\n                                    <\/div>\r\n\r\n                \r\n            <\/div>\r\n            <div class=\"lg:w-1\/2\">\r\n                                    <img decoding=\"async\" class=\"w-full rounded-lg\" src=\"https:\/\/animalactin.eu\/wp-content\/uploads\/2025\/08\/about-images2.webp\" alt=\"\">\r\n                            <\/div>\r\n        <\/div>\r\n    <\/section>\r\n\r\n\n\n\n    <!-- Render in front -->\n\n    <section class=\"max-w-7xl mx-auto rounded-lg py-8 mx-auto px-6 sm:py-16 lg:py-24\">\n\n                    <div class=\"max-w-3xl mx-auto text-center mb-12\">\n\n                                    <h2 class=\"text-3xl font-extrabold leading-tight tracking-tight text-black sm:text-4xl dark:text-white\">\n                        Uzziniet, k\u0101p\u0113c varat mums uztic\u0113ties                    <\/h2>\n                                                    <p class=\"mt-4 text-base font-normal text-gray-500 sm:text-xl dark:text-gray-400\">\n                        Uzziniet, k\u0101p\u0113c MicroLactin<sup><span class=\"font-normal\">\u00ae<\/span> <\/sup> Tas ir vair\u0101k nek\u0101 tikai uztura bag\u0101tin\u0101t\u0101js. Uzziniet, k\u0101 tas darbojas, no kurienes tas n\u0101k un k\u0101p\u0113c t\u0101 ir dro\u0161a izv\u0113le j\u016bsu m\u0101jdz\u012bvniekam.                    <\/p>\n                            <\/div>\n        \n                    <div class=\"grid grid-cols-1 gap-4 mt-8 xl:gap-12 md:grid-cols-2\">\n                                    <div\n                        class=\"p-5 space-y-4 bg-white border border-gray-200 rounded-lg shadow-md lg:p-8 dark:bg-gray-800 dark:border-gray-700\">\n                                                    <img decoding=\"async\" class=\"object-cover w-full rounded-lg shadow-lg\" src=\"https:\/\/animalactin.eu\/wp-content\/uploads\/2025\/08\/Card1.webp\"\n                                alt=\"\">\n                        \n                                                    <h3 class=\"text-2xl font-bold leading-tight text-black dark:text-white\">\n                                Kas ir MicroLactin?<span class=\"font-normal\">\u00ae<\/span>?                            <\/h3>\n                        \n                                                    <p class=\"text-base font-normal text-gray-500 dark:text-gray-400\">\n                                Uzziniet, k\u0101 \u0161\u012b dab\u012bg\u0101 sast\u0101vda\u013ca tiek ra\u017eota un k\u0101 t\u0101 atbalsta imunit\u0101ti un loc\u012btavu vesel\u012bbu \u2013 bez riskiem vai blakuspar\u0101d\u012bb\u0101m.                            <\/p>\n                        \n                                                    <div class=\"flex flex-col gap-4 sm:flex-row md:flex-col lg:flex-row lg:items-center\">\n                                <a href=\"https:\/\/animalactin.eu\/lv\/o-microlactin\" class=\"btn btn--primary\" role=\"button\">\n                                    Skat\u012bt vair\u0101k                                    <svg class=\"w-5 h-5 ml-2 -mr-1\" fill=\"currentColor\" viewbox=\"0 0 20 20\"\n                                        xmlns=\"http:\/\/www.w3.org\/2000\/svg\">\n                                        <path fill-rule=\"evenodd\"\n                                            d=\"M10.293 3.293a1 1 0 011.414 0l6 6a1 1 0 010 1.414l-6 6a1 1 0 01-1.414-1.414L14.586 11H3a1 1 0 110-2h11.586l-4.293-4.293a1 1 0 010-1.414z\"\n                                            clip-rule=\"evenodd\"><\/path>\n                                    <\/svg>\n                                <\/a>\n                            <\/div>\n                                            <\/div>\n                                    <div\n                        class=\"p-5 space-y-4 bg-white border border-gray-200 rounded-lg shadow-md lg:p-8 dark:bg-gray-800 dark:border-gray-700\">\n                                                    <img decoding=\"async\" class=\"object-cover w-full rounded-lg shadow-lg\" src=\"https:\/\/animalactin.eu\/wp-content\/uploads\/2025\/08\/Card2-1.webp\"\n                                alt=\"\">\n                        \n                                                    <h3 class=\"text-2xl font-bold leading-tight text-black dark:text-white\">\n                                Uzziniet, ko saka zin\u0101tne                            <\/h3>\n                        \n                                                    <p class=\"text-base font-normal text-gray-500 dark:text-gray-400\">\n                                Uzziniet par p\u0113t\u012bjumu rezult\u0101tiem, kas apstiprina MicroLactin efektivit\u0101ti<span class=\"font-normal\">\u00ae<\/span> iekaisuma mazin\u0101\u0161an\u0101 un atjauno\u0161an\u0101s veicin\u0101\u0161an\u0101.                            <\/p>\n                        \n                                                    <div class=\"flex flex-col gap-4 sm:flex-row md:flex-col lg:flex-row lg:items-center\">\n                                <a href=\"https:\/\/animalactin.eu\/lv\/badania-naukowe\" class=\"btn btn--primary\" role=\"button\">\n                                    Skat\u012bt vair\u0101k                                    <svg class=\"w-5 h-5 ml-2 -mr-1\" fill=\"currentColor\" viewbox=\"0 0 20 20\"\n                                        xmlns=\"http:\/\/www.w3.org\/2000\/svg\">\n                                        <path fill-rule=\"evenodd\"\n                                            d=\"M10.293 3.293a1 1 0 011.414 0l6 6a1 1 0 010 1.414l-6 6a1 1 0 01-1.414-1.414L14.586 11H3a1 1 0 110-2h11.586l-4.293-4.293a1 1 0 010-1.414z\"\n                                            clip-rule=\"evenodd\"><\/path>\n                                    <\/svg>\n                                <\/a>\n                            <\/div>\n                                            <\/div>\n                            <\/div>\n        \n\n    <\/section>\n\n\n\n\n    <!-- Render in front -->\n\n    <section class=\"max-w-7xl mx-auto rounded-lg shop-banner py-8 lg:py-16 px-6\">\n\n        <div\n            class=\"rounded-lg bg-no-repeat bg-cover bg-center bg-black\/10 bg-blend-multiply lg:flex lg:items-center lg:h-[350px]\"\n            style=\"background-image: url('https:\/\/animalactin.eu\/wp-content\/uploads\/2025\/08\/badania-naukowe-img.png')\">\n\n            <div class=\"relative grid lg:grid-cols-12 lg:gap-8 xl:gap-0 mx-auto container max-w-7xl\">\n                <div class=\"lg:col-span-7\"><\/div>\n\n                <div class=\"test mr-auto place-self-center lg:col-span-5 px-4 py-8 lg:py-30\">\n                    <h2 class=\"[&#038;_strong]:text-primary [&#038;_b]:text-primary max-w-2xl mb-4 text-4xl font-extrabold tracking-tight leading-none md:text-5xl xl:text-6xl text-white\">\n                        R\u016bp\u0113jieties par sava m\u0101jdz\u012bvnieka vesel\u012bbu                     <\/h2>\n                                            <p class=\"max-w-2xl mb-6 font-light text-white lg:mb-8 md:text-lg lg:text-xl\">\n                            Izv\u0113loties ANIMALACTIN<sup><span class=\"font-normal\">\u00ae<\/span> <\/sup>, j\u016bs mekl\u0113jat uztura bag\u0101tin\u0101t\u0101ju, kura iedarb\u012bba ir balst\u012bta uz faktiem, nevis min\u0113jumiem.                        <\/p>\n                                                                <a href=\"https:\/\/animalactin.shop\/\" class=\"btn btn--primary\">\n                            Apmekl\u0113jiet veikalu                            <svg class=\"w-5 h-5 ml-2 -mr-1\" fill=\"currentColor\" viewbox=\"0 0 20 20\" xmlns=\"http:\/\/www.w3.org\/2000\/svg\">\n                                <path fill-rule=\"evenodd\" d=\"M10.293 3.293a1 1 0 011.414 0l6 6a1 1 0 010 1.414l-6 6a1 1 0 01-1.414-1.414L14.586 11H3a1 1 0 110-2h11.586l-4.293-4.293a1 1 0 010-1.414z\" clip-rule=\"evenodd\"><\/path>\n                            <\/svg>\n                        <\/a>\n                                    <\/div>\n\n            <\/div>\n        <\/div>\n    <\/section>","protected":false},"excerpt":{"rendered":"","protected":false},"author":1,"featured_media":0,"parent":0,"menu_order":0,"comment_status":"closed","ping_status":"closed","template":"","meta":{"_acf_changed":false,"footnotes":""},"class_list":["post-838","page","type-page","status-publish","hentry"],"acf":[],"yoast_head":"<!-- This site is optimized with the Yoast SEO plugin v23.5 - https:\/\/yoast.com\/wordpress\/plugins\/seo\/ -->\n<title>O nas - ANIMALACTIN \u00ae<\/title>\n<meta name=\"robots\" content=\"index, follow, max-snippet:-1, max-image-preview:large, max-video-preview:-1\" \/>\n<link rel=\"canonical\" href=\"https:\/\/animalactin.eu\/lv\/par-mums\/\" \/>\n<meta property=\"og:locale\" content=\"lv_LV\" \/>\n<meta property=\"og:type\" content=\"article\" \/>\n<meta property=\"og:title\" content=\"O nas - ANIMALACTIN \u00ae\" \/>\n<meta property=\"og:url\" content=\"https:\/\/animalactin.eu\/lv\/par-mums\/\" \/>\n<meta property=\"og:site_name\" content=\"ANIMALACTIN\" \/>\n<meta property=\"article:modified_time\" content=\"2025-08-07T09:22:59+00:00\" \/>\n<meta property=\"og:image\" content=\"https:\/\/animalactin.eu\/wp-content\/uploads\/2025\/07\/1200x630_OG_photo_14072025.jpg\" \/>\n\t<meta property=\"og:image:width\" content=\"1200\" \/>\n\t<meta property=\"og:image:height\" content=\"630\" \/>\n\t<meta property=\"og:image:type\" content=\"image\/jpeg\" \/>\n<meta name=\"twitter:card\" content=\"summary_large_image\" \/>\n<script type=\"application\/ld+json\" class=\"yoast-schema-graph\">{\"@context\":\"https:\/\/schema.org\",\"@graph\":[{\"@type\":\"WebPage\",\"@id\":\"https:\/\/animalactin.eu\/o-nas\/\",\"url\":\"https:\/\/animalactin.eu\/o-nas\/\",\"name\":\"O nas - ANIMALACTIN \u00ae\",\"isPartOf\":{\"@id\":\"https:\/\/animalactin.eu\/#website\"},\"datePublished\":\"2025-08-05T09:53:14+00:00\",\"dateModified\":\"2025-08-07T09:22:59+00:00\",\"breadcrumb\":{\"@id\":\"https:\/\/animalactin.eu\/o-nas\/#breadcrumb\"},\"inLanguage\":\"lv-LV\",\"potentialAction\":[{\"@type\":\"ReadAction\",\"target\":[\"https:\/\/animalactin.eu\/o-nas\/\"]}]},{\"@type\":\"BreadcrumbList\",\"@id\":\"https:\/\/animalactin.eu\/o-nas\/#breadcrumb\",\"itemListElement\":[{\"@type\":\"ListItem\",\"position\":1,\"name\":\"Home\",\"item\":\"https:\/\/animalactin.eu\/\"},{\"@type\":\"ListItem\",\"position\":2,\"name\":\"O nas\"}]},{\"@type\":\"WebSite\",\"@id\":\"https:\/\/animalactin.eu\/#website\",\"url\":\"https:\/\/animalactin.eu\/\",\"name\":\"ANIMALACTIN\",\"description\":\"\",\"publisher\":{\"@id\":\"https:\/\/animalactin.eu\/#organization\"},\"potentialAction\":[{\"@type\":\"SearchAction\",\"target\":{\"@type\":\"EntryPoint\",\"urlTemplate\":\"https:\/\/animalactin.eu\/?s={search_term_string}\"},\"query-input\":{\"@type\":\"PropertyValueSpecification\",\"valueRequired\":true,\"valueName\":\"search_term_string\"}}],\"inLanguage\":\"lv-LV\"},{\"@type\":\"Organization\",\"@id\":\"https:\/\/animalactin.eu\/#organization\",\"name\":\"ANIMALACTIN\",\"url\":\"https:\/\/animalactin.eu\/\",\"logo\":{\"@type\":\"ImageObject\",\"inLanguage\":\"lv-LV\",\"@id\":\"https:\/\/animalactin.eu\/#\/schema\/logo\/image\/\",\"url\":\"https:\/\/animalactin.eu\/wp-content\/uploads\/2025\/06\/logo.png\",\"contentUrl\":\"https:\/\/animalactin.eu\/wp-content\/uploads\/2025\/06\/logo.png\",\"width\":74,\"height\":36,\"caption\":\"ANIMALACTIN\"},\"image\":{\"@id\":\"https:\/\/animalactin.eu\/#\/schema\/logo\/image\/\"}}]}<\/script>\n<!-- \/ Yoast SEO plugin. -->","yoast_head_json":{"title":"Par mums - ANIMALACTIN \u00ae","robots":{"index":"index","follow":"follow","max-snippet":"max-snippet:-1","max-image-preview":"max-image-preview:large","max-video-preview":"max-video-preview:-1"},"canonical":"https:\/\/animalactin.eu\/lv\/par-mums\/","og_locale":"lv_LV","og_type":"article","og_title":"O nas - ANIMALACTIN \u00ae","og_url":"https:\/\/animalactin.eu\/lv\/par-mums\/","og_site_name":"ANIMALACTIN","article_modified_time":"2025-08-07T09:22:59+00:00","og_image":[{"width":1200,"height":630,"url":"https:\/\/animalactin.eu\/wp-content\/uploads\/2025\/07\/1200x630_OG_photo_14072025.jpg","type":"image\/jpeg"}],"twitter_card":"summary_large_image","schema":{"@context":"https:\/\/schema.org","@graph":[{"@type":"WebPage","@id":"https:\/\/animalactin.eu\/o-nas\/","url":"https:\/\/animalactin.eu\/o-nas\/","name":"Par mums - ANIMALACTIN \u00ae","isPartOf":{"@id":"https:\/\/animalactin.eu\/#website"},"datePublished":"2025-08-05T09:53:14+00:00","dateModified":"2025-08-07T09:22:59+00:00","breadcrumb":{"@id":"https:\/\/animalactin.eu\/o-nas\/#breadcrumb"},"inLanguage":"lv-LV","potentialAction":[{"@type":"ReadAction","target":["https:\/\/animalactin.eu\/o-nas\/"]}]},{"@type":"BreadcrumbList","@id":"https:\/\/animalactin.eu\/o-nas\/#breadcrumb","itemListElement":[{"@type":"ListItem","position":1,"name":"Home","item":"https:\/\/animalactin.eu\/"},{"@type":"ListItem","position":2,"name":"O nas"}]},{"@type":"WebSite","@id":"https:\/\/animalactin.eu\/#website","url":"https:\/\/animalactin.eu\/","name":"ANIMALACTIN","description":"","publisher":{"@id":"https:\/\/animalactin.eu\/#organization"},"potentialAction":[{"@type":"SearchAction","target":{"@type":"EntryPoint","urlTemplate":"https:\/\/animalactin.eu\/?s={search_term_string}"},"query-input":{"@type":"PropertyValueSpecification","valueRequired":true,"valueName":"search_term_string"}}],"inLanguage":"lv-LV"},{"@type":"Organization","@id":"https:\/\/animalactin.eu\/#organization","name":"ANIMALACTIN","url":"https:\/\/animalactin.eu\/","logo":{"@type":"ImageObject","inLanguage":"lv-LV","@id":"https:\/\/animalactin.eu\/#\/schema\/logo\/image\/","url":"https:\/\/animalactin.eu\/wp-content\/uploads\/2025\/06\/logo.png","contentUrl":"https:\/\/animalactin.eu\/wp-content\/uploads\/2025\/06\/logo.png","width":74,"height":36,"caption":"ANIMALACTIN"},"image":{"@id":"https:\/\/animalactin.eu\/#\/schema\/logo\/image\/"}}]}},"_links":{"self":[{"href":"https:\/\/animalactin.eu\/lv\/wp-json\/wp\/v2\/pages\/838","targetHints":{"allow":["GET"]}}],"collection":[{"href":"https:\/\/animalactin.eu\/lv\/wp-json\/wp\/v2\/pages"}],"about":[{"href":"https:\/\/animalactin.eu\/lv\/wp-json\/wp\/v2\/types\/page"}],"author":[{"embeddable":true,"href":"https:\/\/animalactin.eu\/lv\/wp-json\/wp\/v2\/users\/1"}],"replies":[{"embeddable":true,"href":"https:\/\/animalactin.eu\/lv\/wp-json\/wp\/v2\/comments?post=838"}],"version-history":[{"count":5,"href":"https:\/\/animalactin.eu\/lv\/wp-json\/wp\/v2\/pages\/838\/revisions"}],"predecessor-version":[{"id":1069,"href":"https:\/\/animalactin.eu\/lv\/wp-json\/wp\/v2\/pages\/838\/revisions\/1069"}],"wp:attachment":[{"href":"https:\/\/animalactin.eu\/lv\/wp-json\/wp\/v2\/media?parent=838"}],"curies":[{"name":"wp","href":"https:\/\/api.w.org\/{rel}","templated":true}]}}