{"id":838,"date":"2025-08-05T11:53:14","date_gmt":"2025-08-05T09:53:14","guid":{"rendered":"https:\/\/animalactin.eu\/?page_id=838"},"modified":"2025-08-07T11:22:59","modified_gmt":"2025-08-07T09:22:59","slug":"apie-mus","status":"publish","type":"page","link":"https:\/\/animalactin.eu\/lt\/apie-mus\/","title":{"rendered":"Apie mus"},"content":{"rendered":"<!-- Render in front -->\r\n    <section id=\"hero\" class=\"relative bg-primary\">\r\n        \r\n        <div class=\"relative min-h-[560px] lg:min-h-[520px] bg-cover bg-no-repeat\"\r\n            style=\"background-image: url('https:\/\/animalactin.eu\/wp-content\/uploads\/2025\/08\/about-hero-img.webp'); background-position: center center;\">\r\n            <div class=\"absolute inset-0 bg-black\/10 mix-blend-multiply\"><\/div>\r\n            <div class=\"relative z-10 flex min-h-[720px] lg:min-h-[600px] 2xl:min-h-[850px] lg:items-center pt-24 px-6\">\r\n                <div class=\"mx-auto w-full max-w-screen-xl relative\">\r\n                    <div class=\"flex min-h-[inherit] items-center justify-center lg:justify-start\">\r\n                        <div class=\"w-full max-w-[850px] text-center lg:text-left\">\r\n                            <h1 class=\"[&#038;_strong]:text-primary [&#038;_b]:text-primary mb-2 lg:mb-6 text-4xl font-extrabold tracking-tight leading-10 md:leading-[60px] md:text-5xl lg:text-6xl xl:text-[72px] xl:leading-16 text-white\">\r\n                                Mums r\u016bpi j\u016bs\u0173 augintinio sveikata                            <\/h1>\r\n                                                            <p class=\"mx-auto mb-6 lg:mb-8 max-w-[720px] text-base leading-7 text-white\/90 md:text-lg md:leading-8 lg:mx-0 lg:text-[20px] lg:leading-[1.6]\">\r\n                                    Kuriame produktus, kurie sujungia gamtos gali\u0105 su \u0161iuolaikin\u0117mis veterinarijos \u017einiomis, galvodami apie J\u016bs\u0173 augintinio komfort\u0105, imunitet\u0105 ir judrum\u0105.                                <\/p>\r\n                                                                                <\/div>\r\n                    <\/div>\r\n                                    <\/div>\r\n            <\/div>\r\n        <\/div>\r\n        <\/div>\r\n        \r\n        <div class=\"w-full bg-white h-[90px] relative mt-0 lg:mt-0\">\r\n                    <\/div>\r\n    <\/section>\r\n\r\n    <script>\r\n        (() => {\r\n            const img = document.getElementById('hero-packshot');\r\n            const wrap = document.getElementById('hero-packshot-wrap');\r\n            if (!img || !wrap) return;\r\n\r\n            const speed = parseFloat(img.dataset.parallaxSpeed);\r\n            let raf = null;\r\n\r\n            const update = () => {\r\n                raf = null;\r\n\r\n                const rect = wrap.getBoundingClientRect();\r\n                const vh = window.innerHeight || document.documentElement.clientHeight;\r\n\r\n                const progress = (vh - rect.top) \/ (vh + rect.height);\r\n                const clamped = Math.max(0, Math.min(1, progress));\r\n\r\n                const maxShift = 120;\r\n                const y = (clamped - 0.5) * 2 * maxShift * speed;\r\n\r\n                img.style.transform = `translate3d(0, ${y.toFixed(2)}px, 0)`;\r\n            };\r\n\r\n            const request = () => {\r\n                if (raf) return;\r\n                raf = requestAnimationFrame(update);\r\n            };\r\n\r\n            window.addEventListener('scroll', request, {\r\n                passive: true\r\n            });\r\n            window.addEventListener('resize', request);\r\n            request();\r\n        })();\r\n    <\/script>\r\n\r\n\n\n\r\n    <!-- Render in front -->\r\n\r\n    <section class=\"columns-img                bg-white dark:bg-primary\">\r\n\r\n        <div class=\"gap-16 items-center mx-auto max-w-screen-xl lg:flex py-8 lg:py-16 px-6\">\r\n\r\n            <div class=\"lg:w-1\/2 font-light text-gray-500 sm:text-lg dark:text-gray-400 relative max-lg:mb-8\">\r\n\r\n                <div class=\"relative z-10\">\r\n                    <h2 class=\"mb-4 text-4xl tracking-tight font-bold text-gray-900 dark:text-white\">\r\n                        Kas yra ANIMALACTIN<sup><span class=\"font-normal\">\u00ae<\/span> <\/sup>?                    <\/h2>\r\n                    <div class=\"mb-4 format-base sm:format-lg lg:format-2xl text-gray-500 dark:text-white w-full max-w-none\">\r\n                        <p>\u0160is papildas buvo sukurtas atsi\u017evelgiant \u012f gyv\u016bn\u0173 sveikat\u0105. Jis pagr\u012fstas ingredientais, kurie i\u0161 tikr\u0173j\u0173 veikia. Vienas i\u0161 j\u0173 yra \u201eMicroLactin\u201c.<sup><span class=\"font-normal\">\u00ae<\/span> <\/sup> \u2013 unikalus pieno baltym\u0173 koncentratas, kuris palaiko organizm\u0105 i\u0161 vidaus.<\/p>\n<p>&nbsp;<\/p>\n<p>I\u0161gaunamas i\u0161 Naujosios Zelandijos karvi\u0173 pieno, \u201eMicroLactin\u201c<sup><span class=\"font-normal\">\u00ae<\/span><\/sup> sud\u0117tyje yra minimalus laktoz\u0117s ir pieno riebal\u0173 kiekis, o jo veiksmingumas patvirtintas moksliniais tyrimais. D\u0117l \u0161i\u0173 ingredient\u0173 ANIMALACTIN<sup><span class=\"font-normal\">\u00ae<\/span><\/sup> padeda u\u017etikrinti j\u016bs\u0173 augintinio gerov\u0119 be joki\u0173 kompromis\u0173.<\/p>\n                    <\/div>\r\n\r\n                                    <\/div>\r\n\r\n                \r\n            <\/div>\r\n            <div class=\"lg:w-1\/2\">\r\n                                    <img decoding=\"async\" class=\"w-full rounded-lg\" src=\"https:\/\/animalactin.eu\/wp-content\/uploads\/2025\/08\/about-images1.webp\" alt=\"\">\r\n                            <\/div>\r\n        <\/div>\r\n    <\/section>\r\n\r\n\n\n\r\n\r\n    <!-- Render in front -->\r\n\r\n    <div class=\"my-8 sm:my-16 px-6 bg-white dark:bg-gray-900\">\r\n\r\n        <div class=\"mx-auto max-w-screen-xl py-8\">\r\n\r\n                            <div class=\"max-w-3xl mx-auto text-center mb-12\">\r\n\r\n                                            <h2 class=\"text-3xl font-extrabold leading-tight tracking-tight text-primary sm:text-5xl\">\r\n                            Nat\u016bralus stiprumas su dokumentuotais rezultatais                        <\/h2>\r\n                                                                <p class=\"mt-4 text-base font-normal text-gray-500 sm:text-xl\">\r\n                            ANIMALACTIN<sup><span class=\"font-normal\">\u00ae<\/span> <\/sup> Tai mokslo ir r\u016bpes\u010dio derinys. Sukurtas su tyrimais \u012frodytais ingredientais, kad i\u0161 ties\u0173 palaikyt\u0173 j\u016bs\u0173 augintinio sveikat\u0105 ir gerov\u0119.                        <\/p>\r\n                                    <\/div>\r\n            \r\n                            <div class=\"space-y-8 text-center md:grid md:grid-cols-2 lg:grid-cols-3 md:gap-12 md:space-y-0\">\r\n                                            <div>\r\n                            <div class=\"flex justify-center items-center mx-auto mb-4\">\r\n                                                                    <img src=\"https:\/\/animalactin.eu\/wp-content\/uploads\/2025\/04\/icon-7.svg\" alt=\"\" loading=\"lazy\" decoding=\"async\" class=\"w-[130px] h-[130px]\">\r\n                                                            <\/div>\r\n                            <div class=\"mb-2 text-xl font-bold\">\r\n                                Ma\u017eina mikrou\u017edegimus                            <\/div>\r\n                            <div class=\"format format-sm sm:format-base lg:format-lg format-blue dark:format-invert w-full max-w-none\">\r\n                                <p>Jis blokuoja u\u017edegimo tarpininkus (pvz., citokinus), pad\u0117damas organizmui kovoti su l\u0117tiniu skausmu ir \u012ftampa.<\/p>\n                            <\/div>\r\n                        <\/div>\r\n                                            <div>\r\n                            <div class=\"flex justify-center items-center mx-auto mb-4\">\r\n                                                                    <img src=\"https:\/\/animalactin.eu\/wp-content\/uploads\/2025\/04\/icon-8.svg\" alt=\"\" loading=\"lazy\" decoding=\"async\" class=\"w-[130px] h-[130px]\">\r\n                                                            <\/div>\r\n                            <div class=\"mb-2 text-xl font-bold\">\r\n                                Palaiko regeneracij\u0105                            <\/div>\r\n                            <div class=\"format format-sm sm:format-base lg:format-lg format-blue dark:format-invert w-full max-w-none\">\r\n                                <p>Tai padeda grei\u010diau atsigauti po fizinio kr\u016bvio ar traumos, tiek fizinio, tiek metabolinio.<\/p>\n                            <\/div>\r\n                        <\/div>\r\n                                            <div>\r\n                            <div class=\"flex justify-center items-center mx-auto mb-4\">\r\n                                                                    <img src=\"https:\/\/animalactin.eu\/wp-content\/uploads\/2025\/04\/icon-9.svg\" alt=\"\" loading=\"lazy\" decoding=\"async\" class=\"w-[130px] h-[130px]\">\r\n                                                            <\/div>\r\n                            <div class=\"mb-2 text-xl font-bold\">\r\n                                Saugu ir patikrinta                            <\/div>\r\n                            <div class=\"format format-sm sm:format-base lg:format-lg format-blue dark:format-invert w-full max-w-none\">\r\n                                <p><!--more-->Pakartotinai patikrintas d\u0117l saugumo be \u0161alutinio poveikio, gerai toleruojamas \u012fvairi\u0173 r\u016b\u0161i\u0173 gyv\u016bn\u0173.<\/p>\n                            <\/div>\r\n                        <\/div>\r\n                    \r\n                <\/div>\r\n            \r\n        <\/div>\r\n\r\n    <\/div>\r\n\r\n\n\n\r\n    <!-- Render in front -->\r\n\r\n    <section class=\"columns-img                bg-white dark:bg-primary\">\r\n\r\n        <div class=\"gap-16 items-center mx-auto max-w-screen-xl lg:flex py-8 lg:py-16 px-6 flex-row-reverse\">\r\n\r\n            <div class=\"lg:w-1\/2 font-light text-gray-500 sm:text-lg dark:text-gray-400 relative max-lg:mb-8\">\r\n\r\n                <div class=\"relative z-10\">\r\n                    <h2 class=\"mb-4 text-4xl tracking-tight font-bold text-gray-900 dark:text-white\">\r\n                        Nes tai ne tik papildas. Tai kasdien\u0117s prie\u017ei\u016bros partneris.                    <\/h2>\r\n                    <div class=\"mb-4 format-base sm:format-lg lg:format-2xl text-gray-500 dark:text-white w-full max-w-none\">\r\n                        <p>ANIMALACTIN k\u016brimas<sup><span class=\"font-normal\">\u00ae<\/span> <\/sup>, nenor\u0117jome \u201etiesiog dar vienos pudros rinkoje\u201d. Nor\u0117jome ka\u017eko, kas ilgai i\u0161likt\u0173 su jumis.<br \/>\nToks, kuriuo galite tikrai pasitik\u0117ti. Produktas, kuris yra tarsi artimas draugas. <strong>kasdien ir r\u016bpestingai palaiko j\u016bs\u0173 augintin\u012f.<\/strong> Ir tai \u012fmanoma tik tada, kai pagrindas yra patikimi duomenys, \u0161vari sud\u0117tis ir joki\u0173 kompromis\u0173.<\/p>\n                    <\/div>\r\n\r\n                                    <\/div>\r\n\r\n                \r\n            <\/div>\r\n            <div class=\"lg:w-1\/2\">\r\n                                    <img decoding=\"async\" class=\"w-full rounded-lg\" src=\"https:\/\/animalactin.eu\/wp-content\/uploads\/2025\/08\/about-images2.webp\" alt=\"\">\r\n                            <\/div>\r\n        <\/div>\r\n    <\/section>\r\n\r\n\n\n\n    <!-- Render in front -->\n\n    <section class=\"max-w-7xl mx-auto rounded-lg py-8 mx-auto px-6 sm:py-16 lg:py-24\">\n\n                    <div class=\"max-w-3xl mx-auto text-center mb-12\">\n\n                                    <h2 class=\"text-3xl font-extrabold leading-tight tracking-tight text-black sm:text-4xl dark:text-white\">\n                        Su\u017einokite, kod\u0117l galite mumis pasitik\u0117ti                    <\/h2>\n                                                    <p class=\"mt-4 text-base font-normal text-gray-500 sm:text-xl dark:text-gray-400\">\n                        Su\u017einokite, kod\u0117l MicroLactin<sup><span class=\"font-normal\">\u00ae<\/span> <\/sup> Tai daugiau nei tik papildas. Su\u017einokite, kaip jis veikia, i\u0161 kur jis gaunamas ir kod\u0117l tai saugus pasirinkimas j\u016bs\u0173 augintiniui.                    <\/p>\n                            <\/div>\n        \n                    <div class=\"grid grid-cols-1 gap-4 mt-8 xl:gap-12 md:grid-cols-2\">\n                                    <div\n                        class=\"p-5 space-y-4 bg-white border border-gray-200 rounded-lg shadow-md lg:p-8 dark:bg-gray-800 dark:border-gray-700\">\n                                                    <img decoding=\"async\" class=\"object-cover w-full rounded-lg shadow-lg\" src=\"https:\/\/animalactin.eu\/wp-content\/uploads\/2025\/08\/Card1.webp\"\n                                alt=\"\">\n                        \n                                                    <h3 class=\"text-2xl font-bold leading-tight text-black dark:text-white\">\n                                Kas yra MicroLactin?<span class=\"font-normal\">\u00ae<\/span>?                            <\/h3>\n                        \n                                                    <p class=\"text-base font-normal text-gray-500 dark:text-gray-400\">\n                                Su\u017einokite, kaip \u0161is nat\u016bralus ingredientas gaminamas ir kaip jis palaiko imunitet\u0105 bei s\u0105nari\u0173 sveikat\u0105 \u2013 be rizikos ar \u0161alutinio poveikio.                            <\/p>\n                        \n                                                    <div class=\"flex flex-col gap-4 sm:flex-row md:flex-col lg:flex-row lg:items-center\">\n                                <a href=\"https:\/\/animalactin.eu\/lt\/o-microlactin\" class=\"btn btn--primary\" role=\"button\">\n                                    \u017di\u016br\u0117ti daugiau                                    <svg class=\"w-5 h-5 ml-2 -mr-1\" fill=\"currentColor\" viewbox=\"0 0 20 20\"\n                                        xmlns=\"http:\/\/www.w3.org\/2000\/svg\">\n                                        <path fill-rule=\"evenodd\"\n                                            d=\"M10.293 3.293a1 1 0 011.414 0l6 6a1 1 0 010 1.414l-6 6a1 1 0 01-1.414-1.414L14.586 11H3a1 1 0 110-2h11.586l-4.293-4.293a1 1 0 010-1.414z\"\n                                            clip-rule=\"evenodd\"><\/path>\n                                    <\/svg>\n                                <\/a>\n                            <\/div>\n                                            <\/div>\n                                    <div\n                        class=\"p-5 space-y-4 bg-white border border-gray-200 rounded-lg shadow-md lg:p-8 dark:bg-gray-800 dark:border-gray-700\">\n                                                    <img decoding=\"async\" class=\"object-cover w-full rounded-lg shadow-lg\" src=\"https:\/\/animalactin.eu\/wp-content\/uploads\/2025\/08\/Card2-1.webp\"\n                                alt=\"\">\n                        \n                                                    <h3 class=\"text-2xl font-bold leading-tight text-black dark:text-white\">\n                                Pa\u017ei\u016br\u0117kite, k\u0105 sako mokslas                            <\/h3>\n                        \n                                                    <p class=\"text-base font-normal text-gray-500 dark:text-gray-400\">\n                                Su\u017einokite apie tyrim\u0173 rezultatus, patvirtinan\u010dius \u201eMicroLactin\u201c veiksmingum\u0105<span class=\"font-normal\">\u00ae<\/span> ma\u017einant u\u017edegim\u0105 ir palaikant regeneracij\u0105.                            <\/p>\n                        \n                                                    <div class=\"flex flex-col gap-4 sm:flex-row md:flex-col lg:flex-row lg:items-center\">\n                                <a href=\"https:\/\/animalactin.eu\/lt\/badania-naukowe\" class=\"btn btn--primary\" role=\"button\">\n                                    \u017di\u016br\u0117ti daugiau                                    <svg class=\"w-5 h-5 ml-2 -mr-1\" fill=\"currentColor\" viewbox=\"0 0 20 20\"\n                                        xmlns=\"http:\/\/www.w3.org\/2000\/svg\">\n                                        <path fill-rule=\"evenodd\"\n                                            d=\"M10.293 3.293a1 1 0 011.414 0l6 6a1 1 0 010 1.414l-6 6a1 1 0 01-1.414-1.414L14.586 11H3a1 1 0 110-2h11.586l-4.293-4.293a1 1 0 010-1.414z\"\n                                            clip-rule=\"evenodd\"><\/path>\n                                    <\/svg>\n                                <\/a>\n                            <\/div>\n                                            <\/div>\n                            <\/div>\n        \n\n    <\/section>\n\n\n\n\n    <!-- Render in front -->\n\n    <section class=\"max-w-7xl mx-auto rounded-lg shop-banner py-8 lg:py-16 px-6\">\n\n        <div\n            class=\"rounded-lg bg-no-repeat bg-cover bg-center bg-black\/10 bg-blend-multiply lg:flex lg:items-center lg:h-[350px]\"\n            style=\"background-image: url('https:\/\/animalactin.eu\/wp-content\/uploads\/2025\/08\/badania-naukowe-img.png')\">\n\n            <div class=\"relative grid lg:grid-cols-12 lg:gap-8 xl:gap-0 mx-auto container max-w-7xl\">\n                <div class=\"lg:col-span-7\"><\/div>\n\n                <div class=\"test mr-auto place-self-center lg:col-span-5 px-4 py-8 lg:py-30\">\n                    <h2 class=\"[&#038;_strong]:text-primary [&#038;_b]:text-primary max-w-2xl mb-4 text-4xl font-extrabold tracking-tight leading-none md:text-5xl xl:text-6xl text-white\">\n                        R\u016bpinkit\u0117s savo augintinio sveikata                     <\/h2>\n                                            <p class=\"max-w-2xl mb-6 font-light text-white lg:mb-8 md:text-lg lg:text-xl\">\n                            ANIMALACTIN pasirinkimas<sup><span class=\"font-normal\">\u00ae<\/span> <\/sup>, j\u016bs siekiate maisto papildo, kurio poveikis pagr\u012fstas faktais, o ne sp\u0117lion\u0117mis.                        <\/p>\n                                                                <a href=\"https:\/\/animalactin.shop\/\" class=\"btn btn--primary\">\n                            Apsilankykite parduotuv\u0117je                            <svg class=\"w-5 h-5 ml-2 -mr-1\" fill=\"currentColor\" viewbox=\"0 0 20 20\" xmlns=\"http:\/\/www.w3.org\/2000\/svg\">\n                                <path fill-rule=\"evenodd\" d=\"M10.293 3.293a1 1 0 011.414 0l6 6a1 1 0 010 1.414l-6 6a1 1 0 01-1.414-1.414L14.586 11H3a1 1 0 110-2h11.586l-4.293-4.293a1 1 0 010-1.414z\" clip-rule=\"evenodd\"><\/path>\n                            <\/svg>\n                        <\/a>\n                                    <\/div>\n\n            <\/div>\n        <\/div>\n    <\/section>","protected":false},"excerpt":{"rendered":"","protected":false},"author":1,"featured_media":0,"parent":0,"menu_order":0,"comment_status":"closed","ping_status":"closed","template":"","meta":{"_acf_changed":false,"footnotes":""},"class_list":["post-838","page","type-page","status-publish","hentry"],"acf":[],"yoast_head":"<!-- This site is optimized with the Yoast SEO plugin v23.5 - https:\/\/yoast.com\/wordpress\/plugins\/seo\/ -->\n<title>O nas - ANIMALACTIN \u00ae<\/title>\n<meta name=\"robots\" content=\"index, follow, max-snippet:-1, max-image-preview:large, max-video-preview:-1\" \/>\n<link rel=\"canonical\" href=\"https:\/\/animalactin.eu\/lt\/apie-mus\/\" \/>\n<meta property=\"og:locale\" content=\"lt_LT\" \/>\n<meta property=\"og:type\" content=\"article\" \/>\n<meta property=\"og:title\" content=\"O nas - ANIMALACTIN \u00ae\" \/>\n<meta property=\"og:url\" content=\"https:\/\/animalactin.eu\/lt\/apie-mus\/\" \/>\n<meta property=\"og:site_name\" content=\"ANIMALACTIN\" \/>\n<meta property=\"article:modified_time\" content=\"2025-08-07T09:22:59+00:00\" \/>\n<meta property=\"og:image\" content=\"https:\/\/animalactin.eu\/wp-content\/uploads\/2025\/07\/1200x630_OG_photo_14072025.jpg\" \/>\n\t<meta property=\"og:image:width\" content=\"1200\" \/>\n\t<meta property=\"og:image:height\" content=\"630\" \/>\n\t<meta property=\"og:image:type\" content=\"image\/jpeg\" \/>\n<meta name=\"twitter:card\" content=\"summary_large_image\" \/>\n<script type=\"application\/ld+json\" class=\"yoast-schema-graph\">{\"@context\":\"https:\/\/schema.org\",\"@graph\":[{\"@type\":\"WebPage\",\"@id\":\"https:\/\/animalactin.eu\/o-nas\/\",\"url\":\"https:\/\/animalactin.eu\/o-nas\/\",\"name\":\"O nas - ANIMALACTIN \u00ae\",\"isPartOf\":{\"@id\":\"https:\/\/animalactin.eu\/#website\"},\"datePublished\":\"2025-08-05T09:53:14+00:00\",\"dateModified\":\"2025-08-07T09:22:59+00:00\",\"breadcrumb\":{\"@id\":\"https:\/\/animalactin.eu\/o-nas\/#breadcrumb\"},\"inLanguage\":\"lt-LT\",\"potentialAction\":[{\"@type\":\"ReadAction\",\"target\":[\"https:\/\/animalactin.eu\/o-nas\/\"]}]},{\"@type\":\"BreadcrumbList\",\"@id\":\"https:\/\/animalactin.eu\/o-nas\/#breadcrumb\",\"itemListElement\":[{\"@type\":\"ListItem\",\"position\":1,\"name\":\"Home\",\"item\":\"https:\/\/animalactin.eu\/\"},{\"@type\":\"ListItem\",\"position\":2,\"name\":\"O nas\"}]},{\"@type\":\"WebSite\",\"@id\":\"https:\/\/animalactin.eu\/#website\",\"url\":\"https:\/\/animalactin.eu\/\",\"name\":\"ANIMALACTIN\",\"description\":\"\",\"publisher\":{\"@id\":\"https:\/\/animalactin.eu\/#organization\"},\"potentialAction\":[{\"@type\":\"SearchAction\",\"target\":{\"@type\":\"EntryPoint\",\"urlTemplate\":\"https:\/\/animalactin.eu\/?s={search_term_string}\"},\"query-input\":{\"@type\":\"PropertyValueSpecification\",\"valueRequired\":true,\"valueName\":\"search_term_string\"}}],\"inLanguage\":\"lt-LT\"},{\"@type\":\"Organization\",\"@id\":\"https:\/\/animalactin.eu\/#organization\",\"name\":\"ANIMALACTIN\",\"url\":\"https:\/\/animalactin.eu\/\",\"logo\":{\"@type\":\"ImageObject\",\"inLanguage\":\"lt-LT\",\"@id\":\"https:\/\/animalactin.eu\/#\/schema\/logo\/image\/\",\"url\":\"https:\/\/animalactin.eu\/wp-content\/uploads\/2025\/06\/logo.png\",\"contentUrl\":\"https:\/\/animalactin.eu\/wp-content\/uploads\/2025\/06\/logo.png\",\"width\":74,\"height\":36,\"caption\":\"ANIMALACTIN\"},\"image\":{\"@id\":\"https:\/\/animalactin.eu\/#\/schema\/logo\/image\/\"}}]}<\/script>\n<!-- \/ Yoast SEO plugin. -->","yoast_head_json":{"title":"Apie mus - ANIMALACTIN \u00ae","robots":{"index":"index","follow":"follow","max-snippet":"max-snippet:-1","max-image-preview":"max-image-preview:large","max-video-preview":"max-video-preview:-1"},"canonical":"https:\/\/animalactin.eu\/lt\/apie-mus\/","og_locale":"lt_LT","og_type":"article","og_title":"O nas - ANIMALACTIN \u00ae","og_url":"https:\/\/animalactin.eu\/lt\/apie-mus\/","og_site_name":"ANIMALACTIN","article_modified_time":"2025-08-07T09:22:59+00:00","og_image":[{"width":1200,"height":630,"url":"https:\/\/animalactin.eu\/wp-content\/uploads\/2025\/07\/1200x630_OG_photo_14072025.jpg","type":"image\/jpeg"}],"twitter_card":"summary_large_image","schema":{"@context":"https:\/\/schema.org","@graph":[{"@type":"WebPage","@id":"https:\/\/animalactin.eu\/o-nas\/","url":"https:\/\/animalactin.eu\/o-nas\/","name":"Apie mus - ANIMALACTIN \u00ae","isPartOf":{"@id":"https:\/\/animalactin.eu\/#website"},"datePublished":"2025-08-05T09:53:14+00:00","dateModified":"2025-08-07T09:22:59+00:00","breadcrumb":{"@id":"https:\/\/animalactin.eu\/o-nas\/#breadcrumb"},"inLanguage":"lt-LT","potentialAction":[{"@type":"ReadAction","target":["https:\/\/animalactin.eu\/o-nas\/"]}]},{"@type":"BreadcrumbList","@id":"https:\/\/animalactin.eu\/o-nas\/#breadcrumb","itemListElement":[{"@type":"ListItem","position":1,"name":"Home","item":"https:\/\/animalactin.eu\/"},{"@type":"ListItem","position":2,"name":"O nas"}]},{"@type":"WebSite","@id":"https:\/\/animalactin.eu\/#website","url":"https:\/\/animalactin.eu\/","name":"ANIMALACTIN","description":"","publisher":{"@id":"https:\/\/animalactin.eu\/#organization"},"potentialAction":[{"@type":"SearchAction","target":{"@type":"EntryPoint","urlTemplate":"https:\/\/animalactin.eu\/?s={search_term_string}"},"query-input":{"@type":"PropertyValueSpecification","valueRequired":true,"valueName":"search_term_string"}}],"inLanguage":"lt-LT"},{"@type":"Organization","@id":"https:\/\/animalactin.eu\/#organization","name":"ANIMALACTIN","url":"https:\/\/animalactin.eu\/","logo":{"@type":"ImageObject","inLanguage":"lt-LT","@id":"https:\/\/animalactin.eu\/#\/schema\/logo\/image\/","url":"https:\/\/animalactin.eu\/wp-content\/uploads\/2025\/06\/logo.png","contentUrl":"https:\/\/animalactin.eu\/wp-content\/uploads\/2025\/06\/logo.png","width":74,"height":36,"caption":"ANIMALACTIN"},"image":{"@id":"https:\/\/animalactin.eu\/#\/schema\/logo\/image\/"}}]}},"_links":{"self":[{"href":"https:\/\/animalactin.eu\/lt\/wp-json\/wp\/v2\/pages\/838","targetHints":{"allow":["GET"]}}],"collection":[{"href":"https:\/\/animalactin.eu\/lt\/wp-json\/wp\/v2\/pages"}],"about":[{"href":"https:\/\/animalactin.eu\/lt\/wp-json\/wp\/v2\/types\/page"}],"author":[{"embeddable":true,"href":"https:\/\/animalactin.eu\/lt\/wp-json\/wp\/v2\/users\/1"}],"replies":[{"embeddable":true,"href":"https:\/\/animalactin.eu\/lt\/wp-json\/wp\/v2\/comments?post=838"}],"version-history":[{"count":5,"href":"https:\/\/animalactin.eu\/lt\/wp-json\/wp\/v2\/pages\/838\/revisions"}],"predecessor-version":[{"id":1069,"href":"https:\/\/animalactin.eu\/lt\/wp-json\/wp\/v2\/pages\/838\/revisions\/1069"}],"wp:attachment":[{"href":"https:\/\/animalactin.eu\/lt\/wp-json\/wp\/v2\/media?parent=838"}],"curies":[{"name":"wp","href":"https:\/\/api.w.org\/{rel}","templated":true}]}}