{"id":838,"date":"2025-08-05T11:53:14","date_gmt":"2025-08-05T09:53:14","guid":{"rendered":"https:\/\/animalactin.eu\/?page_id=838"},"modified":"2025-08-07T11:22:59","modified_gmt":"2025-08-07T09:22:59","slug":"o-nas","status":"publish","type":"page","link":"https:\/\/animalactin.eu\/cs\/o-nas\/","title":{"rendered":"O n\u00e1s"},"content":{"rendered":"<!-- Render in front -->\r\n    <section id=\"hero\" class=\"relative bg-primary\">\r\n        \r\n        <div class=\"relative min-h-[560px] lg:min-h-[520px] bg-cover bg-no-repeat\"\r\n            style=\"background-image: url('https:\/\/animalactin.eu\/wp-content\/uploads\/2025\/08\/about-hero-img.webp'); background-position: center center;\">\r\n            <div class=\"absolute inset-0 bg-black\/10 mix-blend-multiply\"><\/div>\r\n            <div class=\"relative z-10 flex min-h-[720px] lg:min-h-[600px] 2xl:min-h-[850px] lg:items-center pt-24 px-6\">\r\n                <div class=\"mx-auto w-full max-w-screen-xl relative\">\r\n                    <div class=\"flex min-h-[inherit] items-center justify-center lg:justify-start\">\r\n                        <div class=\"w-full max-w-[850px] text-center lg:text-left\">\r\n                            <h1 class=\"[&#038;_strong]:text-primary [&#038;_b]:text-primary mb-2 lg:mb-6 text-4xl font-extrabold tracking-tight leading-10 md:leading-[60px] md:text-5xl lg:text-6xl xl:text-[72px] xl:leading-16 text-white\">\r\n                                Z\u00e1le\u017e\u00ed n\u00e1m na zdrav\u00ed va\u0161eho mazl\u00ed\u010dka                            <\/h1>\r\n                                                            <p class=\"mx-auto mb-6 lg:mb-8 max-w-[720px] text-base leading-7 text-white\/90 md:text-lg md:leading-8 lg:mx-0 lg:text-[20px] lg:leading-[1.6]\">\r\n                                    Vytv\u00e1\u0159\u00edme produkty, kter\u00e9 kombinuj\u00ed s\u00edlu p\u0159\u00edrody s modern\u00edmi veterin\u00e1rn\u00edmi znalostmi, s ohledem na pohodl\u00ed, imunitu a mobilitu va\u0161eho mazl\u00ed\u010dka.                                <\/p>\r\n                                                                                <\/div>\r\n                    <\/div>\r\n                                    <\/div>\r\n            <\/div>\r\n        <\/div>\r\n        <\/div>\r\n        \r\n        <div class=\"w-full bg-white h-[90px] relative mt-0 lg:mt-0\">\r\n                    <\/div>\r\n    <\/section>\r\n\r\n    <script>\r\n        (() => {\r\n            const img = document.getElementById('hero-packshot');\r\n            const wrap = document.getElementById('hero-packshot-wrap');\r\n            if (!img || !wrap) return;\r\n\r\n            const speed = parseFloat(img.dataset.parallaxSpeed);\r\n            let raf = null;\r\n\r\n            const update = () => {\r\n                raf = null;\r\n\r\n                const rect = wrap.getBoundingClientRect();\r\n                const vh = window.innerHeight || document.documentElement.clientHeight;\r\n\r\n                const progress = (vh - rect.top) \/ (vh + rect.height);\r\n                const clamped = Math.max(0, Math.min(1, progress));\r\n\r\n                const maxShift = 120;\r\n                const y = (clamped - 0.5) * 2 * maxShift * speed;\r\n\r\n                img.style.transform = `translate3d(0, ${y.toFixed(2)}px, 0)`;\r\n            };\r\n\r\n            const request = () => {\r\n                if (raf) return;\r\n                raf = requestAnimationFrame(update);\r\n            };\r\n\r\n            window.addEventListener('scroll', request, {\r\n                passive: true\r\n            });\r\n            window.addEventListener('resize', request);\r\n            request();\r\n        })();\r\n    <\/script>\r\n\r\n\n\n\r\n    <!-- Render in front -->\r\n\r\n    <section class=\"columns-img                bg-white dark:bg-primary\">\r\n\r\n        <div class=\"gap-16 items-center mx-auto max-w-screen-xl lg:flex py-8 lg:py-16 px-6\">\r\n\r\n            <div class=\"lg:w-1\/2 font-light text-gray-500 sm:text-lg dark:text-gray-400 relative max-lg:mb-8\">\r\n\r\n                <div class=\"relative z-10\">\r\n                    <h2 class=\"mb-4 text-4xl tracking-tight font-bold text-gray-900 dark:text-white\">\r\n                        Co je ANIMALACTIN<sup><span class=\"font-normal\">\u00ae<\/span> <\/sup>?                    <\/h2>\r\n                    <div class=\"mb-4 format-base sm:format-lg lg:format-2xl text-gray-500 dark:text-white w-full max-w-none\">\r\n                        <p>Tento dopln\u011bk byl vytvo\u0159en s ohledem na zdrav\u00ed zv\u00ed\u0159at. Je zalo\u017een na slo\u017ek\u00e1ch, kter\u00e9 skute\u010dn\u011b funguj\u00ed. Jednou z nich je MicroLactin.<sup><span class=\"font-normal\">\u00ae<\/span> <\/sup> \u2013 unik\u00e1tn\u00ed koncentr\u00e1t ml\u00e9\u010dn\u00fdch b\u00edlkovin, kter\u00fd podporuje t\u011blo zevnit\u0159.<\/p>\n<p>&nbsp;<\/p>\n<p>MicroLactin, z\u00edskan\u00fd z ml\u00e9ka novoz\u00e9landsk\u00fdch krav<sup><span class=\"font-normal\">\u00ae<\/span><\/sup> obsahuje minim\u00e1ln\u00ed mno\u017estv\u00ed lakt\u00f3zy a ml\u00e9\u010dn\u00e9ho tuku a jeho \u00fa\u010dinnost byla potvrzena v\u011bdeck\u00fdmi studiemi. D\u00edky t\u011bmto slo\u017ek\u00e1m ANIMALACTIN<sup><span class=\"font-normal\">\u00ae<\/span><\/sup> pom\u00e1h\u00e1 zajistit pohodu va\u0161eho mazl\u00ed\u010dka bez kompromis\u016f.<\/p>\n                    <\/div>\r\n\r\n                                    <\/div>\r\n\r\n                \r\n            <\/div>\r\n            <div class=\"lg:w-1\/2\">\r\n                                    <img decoding=\"async\" class=\"w-full rounded-lg\" src=\"https:\/\/animalactin.eu\/wp-content\/uploads\/2025\/08\/about-images1.webp\" alt=\"\">\r\n                            <\/div>\r\n        <\/div>\r\n    <\/section>\r\n\r\n\n\n\r\n\r\n    <!-- Render in front -->\r\n\r\n    <div class=\"my-8 sm:my-16 px-6 bg-white dark:bg-gray-900\">\r\n\r\n        <div class=\"mx-auto max-w-screen-xl py-8\">\r\n\r\n                            <div class=\"max-w-3xl mx-auto text-center mb-12\">\r\n\r\n                                            <h2 class=\"text-3xl font-extrabold leading-tight tracking-tight text-primary sm:text-5xl\">\r\n                            P\u0159irozen\u00e1 s\u00edla s prok\u00e1zan\u00fdmi v\u00fdsledky                        <\/h2>\r\n                                                                <p class=\"mt-4 text-base font-normal text-gray-500 sm:text-xl\">\r\n                            ANIMALACTIN<sup><span class=\"font-normal\">\u00ae<\/span> <\/sup> Je to sm\u011bs v\u011bdy a p\u00e9\u010de. Vyvinuto s ov\u011b\u0159en\u00fdmi ingrediencemi, kter\u00e9 skute\u010dn\u011b podporuj\u00ed zdrav\u00ed a pohodu va\u0161eho mazl\u00ed\u010dka.                        <\/p>\r\n                                    <\/div>\r\n            \r\n                            <div class=\"space-y-8 text-center md:grid md:grid-cols-2 lg:grid-cols-3 md:gap-12 md:space-y-0\">\r\n                                            <div>\r\n                            <div class=\"flex justify-center items-center mx-auto mb-4\">\r\n                                                                    <img src=\"https:\/\/animalactin.eu\/wp-content\/uploads\/2025\/04\/icon-7.svg\" alt=\"\" loading=\"lazy\" decoding=\"async\" class=\"w-[130px] h-[130px]\">\r\n                                                            <\/div>\r\n                            <div class=\"mb-2 text-xl font-bold\">\r\n                                Sni\u017euje mikroz\u00e1n\u011bty                            <\/div>\r\n                            <div class=\"format format-sm sm:format-base lg:format-lg format-blue dark:format-invert w-full max-w-none\">\r\n                                <p>Blokuje z\u00e1n\u011btliv\u00e9 medi\u00e1tory (nap\u0159. cytokiny) a podporuje tak t\u011blo v boji proti chronick\u00e9 bolesti a nap\u011bt\u00ed.<\/p>\n                            <\/div>\r\n                        <\/div>\r\n                                            <div>\r\n                            <div class=\"flex justify-center items-center mx-auto mb-4\">\r\n                                                                    <img src=\"https:\/\/animalactin.eu\/wp-content\/uploads\/2025\/04\/icon-8.svg\" alt=\"\" loading=\"lazy\" decoding=\"async\" class=\"w-[130px] h-[130px]\">\r\n                                                            <\/div>\r\n                            <div class=\"mb-2 text-xl font-bold\">\r\n                                Podporuje regeneraci                            <\/div>\r\n                            <div class=\"format format-sm sm:format-base lg:format-lg format-blue dark:format-invert w-full max-w-none\">\r\n                                <p>Pom\u00e1h\u00e1 v\u00e1m rychleji se zotavit po cvi\u010den\u00ed nebo zran\u011bn\u00ed, a to jak fyzick\u00e9m, tak metabolick\u00e9m.<\/p>\n                            <\/div>\r\n                        <\/div>\r\n                                            <div>\r\n                            <div class=\"flex justify-center items-center mx-auto mb-4\">\r\n                                                                    <img src=\"https:\/\/animalactin.eu\/wp-content\/uploads\/2025\/04\/icon-9.svg\" alt=\"\" loading=\"lazy\" decoding=\"async\" class=\"w-[130px] h-[130px]\">\r\n                                                            <\/div>\r\n                            <div class=\"mb-2 text-xl font-bold\">\r\n                                Bezpe\u010dn\u00e9 a testovan\u00e9                            <\/div>\r\n                            <div class=\"format format-sm sm:format-base lg:format-lg format-blue dark:format-invert w-full max-w-none\">\r\n                                <p><!--more-->Opakovan\u011b testov\u00e1no na bezpe\u010dnost bez vedlej\u0161\u00edch \u00fa\u010dink\u016f, dob\u0159e sn\u00e1\u0161eno r\u016fzn\u00fdmi druhy zv\u00ed\u0159at.<\/p>\n                            <\/div>\r\n                        <\/div>\r\n                    \r\n                <\/div>\r\n            \r\n        <\/div>\r\n\r\n    <\/div>\r\n\r\n\n\n\r\n    <!-- Render in front -->\r\n\r\n    <section class=\"columns-img                bg-white dark:bg-primary\">\r\n\r\n        <div class=\"gap-16 items-center mx-auto max-w-screen-xl lg:flex py-8 lg:py-16 px-6 flex-row-reverse\">\r\n\r\n            <div class=\"lg:w-1\/2 font-light text-gray-500 sm:text-lg dark:text-gray-400 relative max-lg:mb-8\">\r\n\r\n                <div class=\"relative z-10\">\r\n                    <h2 class=\"mb-4 text-4xl tracking-tight font-bold text-gray-900 dark:text-white\">\r\n                        Proto\u017ee to nen\u00ed jen dopln\u011bk stravy. Je to partner v ka\u017edodenn\u00ed p\u00e9\u010di.                    <\/h2>\r\n                    <div class=\"mb-4 format-base sm:format-lg lg:format-2xl text-gray-500 dark:text-white w-full max-w-none\">\r\n                        <p>Vytv\u00e1\u0159en\u00ed ANIMALACTIN<sup><span class=\"font-normal\">\u00ae<\/span> <\/sup>, necht\u011bli jsme \u201ejen dal\u0161\u00ed pr\u00e1\u0161ek na trhu\u201d. Cht\u011bli jsme n\u011bco, co v\u00e1m dlouho vydr\u017e\u00ed.<br \/>\nProdukt, kter\u00e9mu m\u016f\u017eete skute\u010dn\u011b d\u016fv\u011b\u0159ovat. Produkt, kter\u00fd je jako bl\u00edzk\u00fd p\u0159\u00edtel. <strong>denn\u011b a s p\u00e9\u010d\u00ed podporuje va\u0161eho mazl\u00ed\u010dka.<\/strong> A to je mo\u017en\u00e9 pouze tehdy, kdy\u017e z\u00e1kladem jsou spolehliv\u00e1 data, \u010dist\u00e9 slo\u017een\u00ed a \u017e\u00e1dn\u00e9 kompromisy.<\/p>\n                    <\/div>\r\n\r\n                                    <\/div>\r\n\r\n                \r\n            <\/div>\r\n            <div class=\"lg:w-1\/2\">\r\n                                    <img decoding=\"async\" class=\"w-full rounded-lg\" src=\"https:\/\/animalactin.eu\/wp-content\/uploads\/2025\/08\/about-images2.webp\" alt=\"\">\r\n                            <\/div>\r\n        <\/div>\r\n    <\/section>\r\n\r\n\n\n\n    <!-- Render in front -->\n\n    <section class=\"max-w-7xl mx-auto rounded-lg py-8 mx-auto px-6 sm:py-16 lg:py-24\">\n\n                    <div class=\"max-w-3xl mx-auto text-center mb-12\">\n\n                                    <h2 class=\"text-3xl font-extrabold leading-tight tracking-tight text-black sm:text-4xl dark:text-white\">\n                        Pod\u00edvejte se, pro\u010d n\u00e1m m\u016f\u017eete d\u016fv\u011b\u0159ovat                    <\/h2>\n                                                    <p class=\"mt-4 text-base font-normal text-gray-500 sm:text-xl dark:text-gray-400\">\n                        Zjist\u011bte, pro\u010d MicroLactin<sup><span class=\"font-normal\">\u00ae<\/span> <\/sup> Je to v\u00edc ne\u017e jen dopln\u011bk stravy. Zjist\u011bte, jak funguje, odkud poch\u00e1z\u00ed a pro\u010d je pro va\u0161eho mazl\u00ed\u010dka bezpe\u010dnou volbou.                    <\/p>\n                            <\/div>\n        \n                    <div class=\"grid grid-cols-1 gap-4 mt-8 xl:gap-12 md:grid-cols-2\">\n                                    <div\n                        class=\"p-5 space-y-4 bg-white border border-gray-200 rounded-lg shadow-md lg:p-8 dark:bg-gray-800 dark:border-gray-700\">\n                                                    <img decoding=\"async\" class=\"object-cover w-full rounded-lg shadow-lg\" src=\"https:\/\/animalactin.eu\/wp-content\/uploads\/2025\/08\/Card1.webp\"\n                                alt=\"\">\n                        \n                                                    <h3 class=\"text-2xl font-bold leading-tight text-black dark:text-white\">\n                                Co je MicroLactin<span class=\"font-normal\">\u00ae<\/span>?                            <\/h3>\n                        \n                                                    <p class=\"text-base font-normal text-gray-500 dark:text-gray-400\">\n                                Zjist\u011bte, jak se tato p\u0159\u00edrodn\u00ed slo\u017eka vyr\u00e1b\u00ed a jak podporuje imunitu a zdrav\u00ed kloub\u016f \u2013 bez rizik a vedlej\u0161\u00edch \u00fa\u010dink\u016f.                            <\/p>\n                        \n                                                    <div class=\"flex flex-col gap-4 sm:flex-row md:flex-col lg:flex-row lg:items-center\">\n                                <a href=\"https:\/\/animalactin.eu\/cs\/o-microlactin\" class=\"btn btn--primary\" role=\"button\">\n                                    Zobrazit v\u00edce                                    <svg class=\"w-5 h-5 ml-2 -mr-1\" fill=\"currentColor\" viewbox=\"0 0 20 20\"\n                                        xmlns=\"http:\/\/www.w3.org\/2000\/svg\">\n                                        <path fill-rule=\"evenodd\"\n                                            d=\"M10.293 3.293a1 1 0 011.414 0l6 6a1 1 0 010 1.414l-6 6a1 1 0 01-1.414-1.414L14.586 11H3a1 1 0 110-2h11.586l-4.293-4.293a1 1 0 010-1.414z\"\n                                            clip-rule=\"evenodd\"><\/path>\n                                    <\/svg>\n                                <\/a>\n                            <\/div>\n                                            <\/div>\n                                    <div\n                        class=\"p-5 space-y-4 bg-white border border-gray-200 rounded-lg shadow-md lg:p-8 dark:bg-gray-800 dark:border-gray-700\">\n                                                    <img decoding=\"async\" class=\"object-cover w-full rounded-lg shadow-lg\" src=\"https:\/\/animalactin.eu\/wp-content\/uploads\/2025\/08\/Card2-1.webp\"\n                                alt=\"\">\n                        \n                                                    <h3 class=\"text-2xl font-bold leading-tight text-black dark:text-white\">\n                                Pod\u00edvejte se, co \u0159\u00edk\u00e1 v\u011bda                            <\/h3>\n                        \n                                                    <p class=\"text-base font-normal text-gray-500 dark:text-gray-400\">\n                                Seznamte se s v\u00fdsledky v\u00fdzkumu potvrzuj\u00edc\u00edmi \u00fa\u010dinnost p\u0159\u00edpravku MicroLactin<span class=\"font-normal\">\u00ae<\/span> p\u0159i sni\u017eov\u00e1n\u00ed z\u00e1n\u011btu a podpo\u0159e regenerace.                            <\/p>\n                        \n                                                    <div class=\"flex flex-col gap-4 sm:flex-row md:flex-col lg:flex-row lg:items-center\">\n                                <a href=\"https:\/\/animalactin.eu\/cs\/badania-naukowe\" class=\"btn btn--primary\" role=\"button\">\n                                    Zobrazit v\u00edce                                    <svg class=\"w-5 h-5 ml-2 -mr-1\" fill=\"currentColor\" viewbox=\"0 0 20 20\"\n                                        xmlns=\"http:\/\/www.w3.org\/2000\/svg\">\n                                        <path fill-rule=\"evenodd\"\n                                            d=\"M10.293 3.293a1 1 0 011.414 0l6 6a1 1 0 010 1.414l-6 6a1 1 0 01-1.414-1.414L14.586 11H3a1 1 0 110-2h11.586l-4.293-4.293a1 1 0 010-1.414z\"\n                                            clip-rule=\"evenodd\"><\/path>\n                                    <\/svg>\n                                <\/a>\n                            <\/div>\n                                            <\/div>\n                            <\/div>\n        \n\n    <\/section>\n\n\n\n\n    <!-- Render in front -->\n\n    <section class=\"max-w-7xl mx-auto rounded-lg shop-banner py-8 lg:py-16 px-6\">\n\n        <div\n            class=\"rounded-lg bg-no-repeat bg-cover bg-center bg-black\/10 bg-blend-multiply lg:flex lg:items-center lg:h-[350px]\"\n            style=\"background-image: url('https:\/\/animalactin.eu\/wp-content\/uploads\/2025\/08\/badania-naukowe-img.png')\">\n\n            <div class=\"relative grid lg:grid-cols-12 lg:gap-8 xl:gap-0 mx-auto container max-w-7xl\">\n                <div class=\"lg:col-span-7\"><\/div>\n\n                <div class=\"test mr-auto place-self-center lg:col-span-5 px-4 py-8 lg:py-30\">\n                    <h2 class=\"[&#038;_strong]:text-primary [&#038;_b]:text-primary max-w-2xl mb-4 text-4xl font-extrabold tracking-tight leading-none md:text-5xl xl:text-6xl text-white\">\n                        Pe\u010dujte o zdrav\u00ed sv\u00e9ho mazl\u00ed\u010dka                     <\/h2>\n                                            <p class=\"max-w-2xl mb-6 font-light text-white lg:mb-8 md:text-lg lg:text-xl\">\n                            V\u00fdb\u011br ANIMALACTIN<sup><span class=\"font-normal\">\u00ae<\/span> <\/sup>, s\u00e1hnete po dopl\u0148ku stravy, jeho\u017e \u00fa\u010dinky jsou zalo\u017eeny na faktech, nikoli na dohadech.                        <\/p>\n                                                                <a href=\"https:\/\/animalactin.shop\/\" class=\"btn btn--primary\">\n                            Nav\u0161tivte prodejnu                            <svg class=\"w-5 h-5 ml-2 -mr-1\" fill=\"currentColor\" viewbox=\"0 0 20 20\" xmlns=\"http:\/\/www.w3.org\/2000\/svg\">\n                                <path fill-rule=\"evenodd\" d=\"M10.293 3.293a1 1 0 011.414 0l6 6a1 1 0 010 1.414l-6 6a1 1 0 01-1.414-1.414L14.586 11H3a1 1 0 110-2h11.586l-4.293-4.293a1 1 0 010-1.414z\" clip-rule=\"evenodd\"><\/path>\n                            <\/svg>\n                        <\/a>\n                                    <\/div>\n\n            <\/div>\n        <\/div>\n    <\/section>","protected":false},"excerpt":{"rendered":"","protected":false},"author":1,"featured_media":0,"parent":0,"menu_order":0,"comment_status":"closed","ping_status":"closed","template":"","meta":{"_acf_changed":false,"footnotes":""},"class_list":["post-838","page","type-page","status-publish","hentry"],"acf":[],"yoast_head":"<!-- This site is optimized with the Yoast SEO plugin v23.5 - https:\/\/yoast.com\/wordpress\/plugins\/seo\/ -->\n<title>O nas - ANIMALACTIN \u00ae<\/title>\n<meta name=\"robots\" content=\"index, follow, max-snippet:-1, max-image-preview:large, max-video-preview:-1\" \/>\n<link rel=\"canonical\" href=\"https:\/\/animalactin.eu\/cs\/o-nas\/\" \/>\n<meta property=\"og:locale\" content=\"cs_CZ\" \/>\n<meta property=\"og:type\" content=\"article\" \/>\n<meta property=\"og:title\" content=\"O nas - ANIMALACTIN \u00ae\" \/>\n<meta property=\"og:url\" content=\"https:\/\/animalactin.eu\/cs\/o-nas\/\" \/>\n<meta property=\"og:site_name\" content=\"ANIMALACTIN\" \/>\n<meta property=\"article:modified_time\" content=\"2025-08-07T09:22:59+00:00\" \/>\n<meta property=\"og:image\" content=\"https:\/\/animalactin.eu\/wp-content\/uploads\/2025\/07\/1200x630_OG_photo_14072025.jpg\" \/>\n\t<meta property=\"og:image:width\" content=\"1200\" \/>\n\t<meta property=\"og:image:height\" content=\"630\" \/>\n\t<meta property=\"og:image:type\" content=\"image\/jpeg\" \/>\n<meta name=\"twitter:card\" content=\"summary_large_image\" \/>\n<script type=\"application\/ld+json\" class=\"yoast-schema-graph\">{\"@context\":\"https:\/\/schema.org\",\"@graph\":[{\"@type\":\"WebPage\",\"@id\":\"https:\/\/animalactin.eu\/o-nas\/\",\"url\":\"https:\/\/animalactin.eu\/o-nas\/\",\"name\":\"O nas - ANIMALACTIN \u00ae\",\"isPartOf\":{\"@id\":\"https:\/\/animalactin.eu\/#website\"},\"datePublished\":\"2025-08-05T09:53:14+00:00\",\"dateModified\":\"2025-08-07T09:22:59+00:00\",\"breadcrumb\":{\"@id\":\"https:\/\/animalactin.eu\/o-nas\/#breadcrumb\"},\"inLanguage\":\"cs\",\"potentialAction\":[{\"@type\":\"ReadAction\",\"target\":[\"https:\/\/animalactin.eu\/o-nas\/\"]}]},{\"@type\":\"BreadcrumbList\",\"@id\":\"https:\/\/animalactin.eu\/o-nas\/#breadcrumb\",\"itemListElement\":[{\"@type\":\"ListItem\",\"position\":1,\"name\":\"Home\",\"item\":\"https:\/\/animalactin.eu\/\"},{\"@type\":\"ListItem\",\"position\":2,\"name\":\"O nas\"}]},{\"@type\":\"WebSite\",\"@id\":\"https:\/\/animalactin.eu\/#website\",\"url\":\"https:\/\/animalactin.eu\/\",\"name\":\"ANIMALACTIN\",\"description\":\"\",\"publisher\":{\"@id\":\"https:\/\/animalactin.eu\/#organization\"},\"potentialAction\":[{\"@type\":\"SearchAction\",\"target\":{\"@type\":\"EntryPoint\",\"urlTemplate\":\"https:\/\/animalactin.eu\/?s={search_term_string}\"},\"query-input\":{\"@type\":\"PropertyValueSpecification\",\"valueRequired\":true,\"valueName\":\"search_term_string\"}}],\"inLanguage\":\"cs\"},{\"@type\":\"Organization\",\"@id\":\"https:\/\/animalactin.eu\/#organization\",\"name\":\"ANIMALACTIN\",\"url\":\"https:\/\/animalactin.eu\/\",\"logo\":{\"@type\":\"ImageObject\",\"inLanguage\":\"cs\",\"@id\":\"https:\/\/animalactin.eu\/#\/schema\/logo\/image\/\",\"url\":\"https:\/\/animalactin.eu\/wp-content\/uploads\/2025\/06\/logo.png\",\"contentUrl\":\"https:\/\/animalactin.eu\/wp-content\/uploads\/2025\/06\/logo.png\",\"width\":74,\"height\":36,\"caption\":\"ANIMALACTIN\"},\"image\":{\"@id\":\"https:\/\/animalactin.eu\/#\/schema\/logo\/image\/\"}}]}<\/script>\n<!-- \/ Yoast SEO plugin. -->","yoast_head_json":{"title":"O n\u00e1s - ANIMALACTIN \u00ae","robots":{"index":"index","follow":"follow","max-snippet":"max-snippet:-1","max-image-preview":"max-image-preview:large","max-video-preview":"max-video-preview:-1"},"canonical":"https:\/\/animalactin.eu\/cs\/o-nas\/","og_locale":"cs_CZ","og_type":"article","og_title":"O nas - ANIMALACTIN \u00ae","og_url":"https:\/\/animalactin.eu\/cs\/o-nas\/","og_site_name":"ANIMALACTIN","article_modified_time":"2025-08-07T09:22:59+00:00","og_image":[{"width":1200,"height":630,"url":"https:\/\/animalactin.eu\/wp-content\/uploads\/2025\/07\/1200x630_OG_photo_14072025.jpg","type":"image\/jpeg"}],"twitter_card":"summary_large_image","schema":{"@context":"https:\/\/schema.org","@graph":[{"@type":"WebPage","@id":"https:\/\/animalactin.eu\/o-nas\/","url":"https:\/\/animalactin.eu\/o-nas\/","name":"O n\u00e1s - ANIMALACTIN \u00ae","isPartOf":{"@id":"https:\/\/animalactin.eu\/#website"},"datePublished":"2025-08-05T09:53:14+00:00","dateModified":"2025-08-07T09:22:59+00:00","breadcrumb":{"@id":"https:\/\/animalactin.eu\/o-nas\/#breadcrumb"},"inLanguage":"cs","potentialAction":[{"@type":"ReadAction","target":["https:\/\/animalactin.eu\/o-nas\/"]}]},{"@type":"BreadcrumbList","@id":"https:\/\/animalactin.eu\/o-nas\/#breadcrumb","itemListElement":[{"@type":"ListItem","position":1,"name":"Home","item":"https:\/\/animalactin.eu\/"},{"@type":"ListItem","position":2,"name":"O nas"}]},{"@type":"WebSite","@id":"https:\/\/animalactin.eu\/#website","url":"https:\/\/animalactin.eu\/","name":"ANIMALACTIN","description":"","publisher":{"@id":"https:\/\/animalactin.eu\/#organization"},"potentialAction":[{"@type":"SearchAction","target":{"@type":"EntryPoint","urlTemplate":"https:\/\/animalactin.eu\/?s={search_term_string}"},"query-input":{"@type":"PropertyValueSpecification","valueRequired":true,"valueName":"search_term_string"}}],"inLanguage":"cs"},{"@type":"Organization","@id":"https:\/\/animalactin.eu\/#organization","name":"ANIMALACTIN","url":"https:\/\/animalactin.eu\/","logo":{"@type":"ImageObject","inLanguage":"cs","@id":"https:\/\/animalactin.eu\/#\/schema\/logo\/image\/","url":"https:\/\/animalactin.eu\/wp-content\/uploads\/2025\/06\/logo.png","contentUrl":"https:\/\/animalactin.eu\/wp-content\/uploads\/2025\/06\/logo.png","width":74,"height":36,"caption":"ANIMALACTIN"},"image":{"@id":"https:\/\/animalactin.eu\/#\/schema\/logo\/image\/"}}]}},"_links":{"self":[{"href":"https:\/\/animalactin.eu\/cs\/wp-json\/wp\/v2\/pages\/838","targetHints":{"allow":["GET"]}}],"collection":[{"href":"https:\/\/animalactin.eu\/cs\/wp-json\/wp\/v2\/pages"}],"about":[{"href":"https:\/\/animalactin.eu\/cs\/wp-json\/wp\/v2\/types\/page"}],"author":[{"embeddable":true,"href":"https:\/\/animalactin.eu\/cs\/wp-json\/wp\/v2\/users\/1"}],"replies":[{"embeddable":true,"href":"https:\/\/animalactin.eu\/cs\/wp-json\/wp\/v2\/comments?post=838"}],"version-history":[{"count":5,"href":"https:\/\/animalactin.eu\/cs\/wp-json\/wp\/v2\/pages\/838\/revisions"}],"predecessor-version":[{"id":1069,"href":"https:\/\/animalactin.eu\/cs\/wp-json\/wp\/v2\/pages\/838\/revisions\/1069"}],"wp:attachment":[{"href":"https:\/\/animalactin.eu\/cs\/wp-json\/wp\/v2\/media?parent=838"}],"curies":[{"name":"wp","href":"https:\/\/api.w.org\/{rel}","templated":true}]}}